{"id":63,"date":"2025-04-05T14:03:08","date_gmt":"2025-04-05T12:03:08","guid":{"rendered":"http:\/\/homeofhsp.com\/?page_id=63"},"modified":"2025-09-10T15:28:49","modified_gmt":"2025-09-10T13:28:49","slug":"impressum","status":"publish","type":"page","link":"https:\/\/homeofhsp.com\/en\/impressum\/","title":{"rendered":"Legal Disclosure"},"content":{"rendered":"<div data-elementor-type=\"wp-page\" data-elementor-id=\"63\" class=\"elementor elementor-63\">\n\t\t\t\t<div class=\"elementor-element elementor-element-bbc387a e-flex e-con-boxed e-con e-parent\" data-id=\"bbc387a\" data-element_type=\"container\" data-e-type=\"container\">\n\t\t\t\t\t<div class=\"e-con-inner\">\n\t\t<div class=\"elementor-element elementor-element-3f6d5bf e-con-full e-flex e-con e-child\" data-id=\"3f6d5bf\" data-element_type=\"container\" data-e-type=\"container\">\n\t\t\t\t<\/div>\n\t\t<div class=\"elementor-element elementor-element-9e98cc3 e-con-full e-flex e-con e-child\" data-id=\"9e98cc3\" data-element_type=\"container\" data-e-type=\"container\">\n\t\t\t\t<div class=\"elementor-element elementor-element-cc81276 elementor-widget elementor-widget-spacer\" data-id=\"cc81276\" data-element_type=\"widget\" data-e-type=\"widget\" data-widget_type=\"spacer.default\">\n\t\t\t\t<div class=\"elementor-widget-container\">\n\t\t\t\t\t\t\t<div class=\"elementor-spacer\">\n\t\t\t<div class=\"elementor-spacer-inner\"><\/div>\n\t\t<\/div>\n\t\t\t\t\t\t<\/div>\n\t\t\t\t<\/div>\n\t\t\t\t<div class=\"elementor-element elementor-element-9d78ae8 elementor-widget elementor-widget-heading\" data-id=\"9d78ae8\" data-element_type=\"widget\" data-e-type=\"widget\" data-widget_type=\"heading.default\">\n\t\t\t\t<div class=\"elementor-widget-container\">\n\t\t\t\t\t<h2 class=\"elementor-heading-title elementor-size-default\">Legal Disclosure<\/h2>\t\t\t\t<\/div>\n\t\t\t\t<\/div>\n\t\t\t\t<div class=\"elementor-element elementor-element-cd6c577 elementor-widget elementor-widget-spacer\" data-id=\"cd6c577\" data-element_type=\"widget\" data-e-type=\"widget\" data-widget_type=\"spacer.default\">\n\t\t\t\t<div class=\"elementor-widget-container\">\n\t\t\t\t\t\t\t<div class=\"elementor-spacer\">\n\t\t\t<div class=\"elementor-spacer-inner\"><\/div>\n\t\t<\/div>\n\t\t\t\t\t\t<\/div>\n\t\t\t\t<\/div>\n\t\t\t\t<div class=\"elementor-element elementor-element-6361509 elementor-widget elementor-widget-text-editor\" data-id=\"6361509\" data-element_type=\"widget\" data-e-type=\"widget\" data-widget_type=\"text-editor.default\">\n\t\t\t\t<div class=\"elementor-widget-container\">\n\t\t\t\t\t\t\t\t\t<h4><b>Informationen und Offenlegung gem\u00e4\u00df \u00a75 (1) ECG, \u00a7 25 MedienG, \u00a7 63 GewO und \u00a7 14 UGB<\/b><\/h4><p><b>Webseitenbetreiber:<\/b>\u00a0Fabian Koller<\/p><p><b>Kontaktdaten:<\/b><br \/><br \/>Email: hello@homeofhsp.com<br \/>Fax: &#8211;<\/p><p><b>Anwendbare Rechtsvorschrift:<\/b>\u00a0www.ris.bka.gv.at<br \/><br \/><\/p><p><b>Online Streitbeilegung:<\/b>\u00a0Verbraucher, welche in \u00d6sterreich oder in einem sonstigen Vertragsstaat der ODR-VO niedergelassen sind, haben die M\u00f6glichkeit Probleme bez\u00fcglich dem entgeltlichen Kauf von Waren oder Dienstleistungen im Rahmen einer Online-Streitbeilegung (nach OS, AStG) zu l\u00f6sen. Die Europa\u0308ische Kommission stellt eine Plattform hierf\u00fcr bereit: https:\/\/ec.europa.eu\/consumers\/odr<\/p><p><b>Urheberrecht:<\/b>\u00a0Die Inhalte dieser Webseite unterliegen, soweit dies rechtlich m\u00f6glich ist, diversen Schutzrechten (z.B dem Urheberrecht). Jegliche Verwendung\/Verbreitung von bereitgestelltem Material, welche urheberrechtlich untersagt ist, bedarf schriftlicher Zustimmung des Webseitenbetreibers.<\/p><p><b>Haftungsausschluss:<\/b>\u00a0Trotz sorgf\u00e4ltiger inhaltlicher Kontrolle \u00fcbernimmt der Webseitenbetreiber dieser Webseite keine Haftung f\u00fcr die Inhalte externer Links. F\u00fcr den Inhalt der verlinkten Seiten sind ausschlie\u00dflich deren Betreiber verantwortlich. Sollten Sie dennoch auf ausgehende Links aufmerksam werden, welche auf eine Webseite mit rechtswidriger T\u00e4tigkeit\/Information verweisen, ersuchen wir um dementsprechenden Hinweis, um diese nach \u00a7 17 Abs. 2 ECG umgehend zu entfernen.<br \/>Die Urheberrechte Dritter werden vom Betreiber dieser Webseite mit gr\u00f6\u00dfter Sorgfalt beachtet. Sollten Sie trotzdem auf eine Urheberrechtsverletzung aufmerksam werden, bitten wir um einen entsprechenden Hinweis. Bei Bekanntwerden derartiger Rechtsverletzungen werden wir den betroffenen Inhalt umgehend entfernen.<\/p><p>Quelle:\u00a0<b><a href=\"https:\/\/www.fairesrecht.at\/kostenlos-impressum-erstellen-generator.php\">Impressum Generator \u00d6sterreich<\/a><\/b><\/p>\t\t\t\t\t\t\t\t<\/div>\n\t\t\t\t<\/div>\n\t\t\t\t<\/div>\n\t\t<div class=\"elementor-element elementor-element-180c2b7 e-con-full e-flex e-con e-child\" data-id=\"180c2b7\" data-element_type=\"container\" data-e-type=\"container\">\n\t\t\t\t<\/div>\n\t\t\t\t\t<\/div>\n\t\t\t\t<\/div>\n\t\t<div class=\"elementor-element elementor-element-5a3051b e-flex e-con-boxed e-con e-parent\" data-id=\"5a3051b\" data-element_type=\"container\" data-e-type=\"container\">\n\t\t\t\t\t<div class=\"e-con-inner\">\n\t\t<div class=\"elementor-element elementor-element-0bd59ce e-con-full e-flex e-con e-child\" data-id=\"0bd59ce\" data-element_type=\"container\" data-e-type=\"container\">\n\t\t\t\t<div class=\"elementor-element elementor-element-8450cb5 elementor-widget elementor-widget-spacer\" data-id=\"8450cb5\" data-element_type=\"widget\" data-e-type=\"widget\" data-widget_type=\"spacer.default\">\n\t\t\t\t<div class=\"elementor-widget-container\">\n\t\t\t\t\t\t\t<div class=\"elementor-spacer\">\n\t\t\t<div class=\"elementor-spacer-inner\"><\/div>\n\t\t<\/div>\n\t\t\t\t\t\t<\/div>\n\t\t\t\t<\/div>\n\t\t\t\t<\/div>\n\t\t\t\t\t<\/div>\n\t\t\t\t<\/div>\n\t\t<div class=\"elementor-element elementor-element-f3e06cf e-flex e-con-boxed e-con e-parent\" data-id=\"f3e06cf\" data-element_type=\"container\" data-e-type=\"container\">\n\t\t\t\t\t<div class=\"e-con-inner\">\n\t\t<div class=\"elementor-element elementor-element-5021fd9 e-con-full e-flex e-con e-child\" data-id=\"5021fd9\" data-element_type=\"container\" data-e-type=\"container\">\n\t\t<div class=\"elementor-element elementor-element-d51c191 e-con-full e-flex e-con e-child\" data-id=\"d51c191\" data-element_type=\"container\" data-e-type=\"container\">\n\t\t\t\t<div class=\"elementor-element elementor-element-89f6621 elementor-align-center elementor-widget elementor-widget-button\" data-id=\"89f6621\" data-element_type=\"widget\" data-e-type=\"widget\" data-widget_type=\"button.default\">\n\t\t\t\t<div class=\"elementor-widget-container\">\n\t\t\t\t\t\t\t\t\t<div class=\"elementor-button-wrapper\">\n\t\t\t\t\t<a class=\"elementor-button elementor-button-link elementor-size-sm\" href=\"https:\/\/homeofhsp.com\/en\/blog\/\">\n\t\t\t\t\t\t<span class=\"elementor-button-content-wrapper\">\n\t\t\t\t\t\t\t\t\t<span class=\"elementor-button-text\">back to the blog<\/span>\n\t\t\t\t\t<\/span>\n\t\t\t\t\t<\/a>\n\t\t\t\t<\/div>\n\t\t\t\t\t\t\t\t<\/div>\n\t\t\t\t<\/div>\n\t\t\t\t<\/div>\n\t\t\t\t<\/div>\n\t\t\t\t\t<\/div>\n\t\t\t\t<\/div>\n\t\t<div class=\"elementor-element elementor-element-7be6bc1 e-flex e-con-boxed e-con e-parent\" data-id=\"7be6bc1\" data-element_type=\"container\" data-e-type=\"container\">\n\t\t\t\t\t<div class=\"e-con-inner\">\n\t\t<div class=\"elementor-element elementor-element-539d5fb e-con-full e-flex e-con e-child\" data-id=\"539d5fb\" data-element_type=\"container\" data-e-type=\"container\">\n\t\t\t\t<div class=\"elementor-element elementor-element-95e0366 elementor-widget elementor-widget-spacer\" data-id=\"95e0366\" data-element_type=\"widget\" data-e-type=\"widget\" data-widget_type=\"spacer.default\">\n\t\t\t\t<div class=\"elementor-widget-container\">\n\t\t\t\t\t\t\t<div class=\"elementor-spacer\">\n\t\t\t<div class=\"elementor-spacer-inner\"><\/div>\n\t\t<\/div>\n\t\t\t\t\t\t<\/div>\n\t\t\t\t<\/div>\n\t\t\t\t<\/div>\n\t\t\t\t\t<\/div>\n\t\t\t\t<\/div>\n\t\t\t\t<\/div>","protected":false},"excerpt":{"rendered":"<p>Impressum Informationen und Offenlegung gem\u00e4\u00df \u00a75 (1) ECG, \u00a7 25 MedienG, \u00a7 63 GewO und \u00a7 14 UGB Webseitenbetreiber:\u00a0Fabian Koller Kontaktdaten: Email: hello@homeofhsp.comFax: &#8211; Anwendbare Rechtsvorschrift:\u00a0www.ris.bka.gv.at Online Streitbeilegung:\u00a0Verbraucher, welche in \u00d6sterreich oder in einem sonstigen Vertragsstaat der ODR-VO niedergelassen sind, haben die M\u00f6glichkeit Probleme bez\u00fcglich dem entgeltlichen Kauf von Waren oder Dienstleistungen im Rahmen einer [&hellip;]<\/p>\n","protected":false},"author":2,"featured_media":0,"parent":0,"menu_order":0,"comment_status":"closed","ping_status":"closed","template":"elementor_header_footer","meta":{"ocean_post_layout":"full-screen","ocean_both_sidebars_style":"","ocean_both_sidebars_content_width":0,"ocean_both_sidebars_sidebars_width":0,"ocean_sidebar":"","ocean_second_sidebar":"","ocean_disable_margins":"enable","ocean_add_body_class":"","ocean_shortcode_before_top_bar":"","ocean_shortcode_after_top_bar":"","ocean_shortcode_before_header":"","ocean_shortcode_after_header":"","ocean_has_shortcode":"","ocean_shortcode_after_title":"","ocean_shortcode_before_footer_widgets":"","ocean_shortcode_after_footer_widgets":"","ocean_shortcode_before_footer_bottom":"","ocean_shortcode_after_footer_bottom":"","ocean_display_top_bar":"off","ocean_display_header":"off","ocean_header_style":"","ocean_center_header_left_menu":"","ocean_custom_header_template":"","ocean_custom_logo":0,"ocean_custom_retina_logo":0,"ocean_custom_logo_max_width":0,"ocean_custom_logo_tablet_max_width":0,"ocean_custom_logo_mobile_max_width":0,"ocean_custom_logo_max_height":0,"ocean_custom_logo_tablet_max_height":0,"ocean_custom_logo_mobile_max_height":0,"ocean_header_custom_menu":"","ocean_menu_typo_font_family":"","ocean_menu_typo_font_subset":"","ocean_menu_typo_font_size":0,"ocean_menu_typo_font_size_tablet":0,"ocean_menu_typo_font_size_mobile":0,"ocean_menu_typo_font_size_unit":"px","ocean_menu_typo_font_weight":"","ocean_menu_typo_font_weight_tablet":"","ocean_menu_typo_font_weight_mobile":"","ocean_menu_typo_transform":"","ocean_menu_typo_transform_tablet":"","ocean_menu_typo_transform_mobile":"","ocean_menu_typo_line_height":0,"ocean_menu_typo_line_height_tablet":0,"ocean_menu_typo_line_height_mobile":0,"ocean_menu_typo_line_height_unit":"","ocean_menu_typo_spacing":0,"ocean_menu_typo_spacing_tablet":0,"ocean_menu_typo_spacing_mobile":0,"ocean_menu_typo_spacing_unit":"","ocean_menu_link_color":"","ocean_menu_link_color_hover":"","ocean_menu_link_color_active":"","ocean_menu_link_background":"","ocean_menu_link_hover_background":"","ocean_menu_link_active_background":"","ocean_menu_social_links_bg":"","ocean_menu_social_hover_links_bg":"","ocean_menu_social_links_color":"","ocean_menu_social_hover_links_color":"","ocean_disable_title":"on","ocean_disable_heading":"default","ocean_post_title":"","ocean_post_subheading":"","ocean_post_title_style":"","ocean_post_title_background_color":"","ocean_post_title_background":0,"ocean_post_title_bg_image_position":"","ocean_post_title_bg_image_attachment":"","ocean_post_title_bg_image_repeat":"","ocean_post_title_bg_image_size":"","ocean_post_title_height":0,"ocean_post_title_bg_overlay":0.5,"ocean_post_title_bg_overlay_color":"","ocean_disable_breadcrumbs":"default","ocean_breadcrumbs_color":"","ocean_breadcrumbs_separator_color":"","ocean_breadcrumbs_links_color":"","ocean_breadcrumbs_links_hover_color":"","ocean_display_footer_widgets":"off","ocean_display_footer_bottom":"off","ocean_custom_footer_template":"","footnotes":""},"class_list":["post-63","page","type-page","status-publish","hentry","entry"],"yoast_head":"<!-- This site is optimized with the Yoast SEO plugin v27.4 - https:\/\/yoast.com\/product\/yoast-seo-wordpress\/ -->\n<title>Impressum - Home of HSP<\/title>\n<meta name=\"robots\" content=\"noindex, follow\" \/>\n<meta property=\"og:locale\" content=\"en_US\" \/>\n<meta property=\"og:type\" content=\"article\" \/>\n<meta property=\"og:title\" content=\"Impressum - Home of HSP\" \/>\n<meta property=\"og:description\" content=\"Impressum Informationen und Offenlegung gem\u00e4\u00df \u00a75 (1) ECG, \u00a7 25 MedienG, \u00a7 63 GewO und \u00a7 14 UGB Webseitenbetreiber:\u00a0Fabian Koller Kontaktdaten: Email: hello@homeofhsp.comFax: &#8211; Anwendbare Rechtsvorschrift:\u00a0www.ris.bka.gv.at Online Streitbeilegung:\u00a0Verbraucher, welche in \u00d6sterreich oder in einem sonstigen Vertragsstaat der ODR-VO niedergelassen sind, haben die M\u00f6glichkeit Probleme bez\u00fcglich dem entgeltlichen Kauf von Waren oder Dienstleistungen im Rahmen einer [&hellip;]\" \/>\n<meta property=\"og:url\" content=\"https:\/\/homeofhsp.com\/en\/impressum\/\" \/>\n<meta property=\"og:site_name\" content=\"Home of HSP\" \/>\n<meta property=\"article:modified_time\" content=\"2025-09-10T13:28:49+00:00\" \/>\n<meta name=\"twitter:card\" content=\"summary_large_image\" \/>\n<meta name=\"twitter:label1\" content=\"Est. reading time\" \/>\n\t<meta name=\"twitter:data1\" content=\"2 minutes\" \/>\n<script type=\"application\/ld+json\" class=\"yoast-schema-graph\">{\"@context\":\"https:\\\/\\\/schema.org\",\"@graph\":[{\"@type\":\"WebPage\",\"@id\":\"https:\\\/\\\/homeofhsp.com\\\/impressum\\\/\",\"url\":\"https:\\\/\\\/homeofhsp.com\\\/impressum\\\/\",\"name\":\"Impressum - Home of HSP\",\"isPartOf\":{\"@id\":\"https:\\\/\\\/homeofhsp.com\\\/#website\"},\"datePublished\":\"2025-04-05T12:03:08+00:00\",\"dateModified\":\"2025-09-10T13:28:49+00:00\",\"breadcrumb\":{\"@id\":\"https:\\\/\\\/homeofhsp.com\\\/impressum\\\/#breadcrumb\"},\"inLanguage\":\"en-US\",\"potentialAction\":[{\"@type\":\"ReadAction\",\"target\":[\"https:\\\/\\\/homeofhsp.com\\\/impressum\\\/\"]}]},{\"@type\":\"BreadcrumbList\",\"@id\":\"https:\\\/\\\/homeofhsp.com\\\/impressum\\\/#breadcrumb\",\"itemListElement\":[{\"@type\":\"ListItem\",\"position\":1,\"name\":\"Startseite\",\"item\":\"https:\\\/\\\/homeofhsp.com\\\/\"},{\"@type\":\"ListItem\",\"position\":2,\"name\":\"Impressum\"}]},{\"@type\":\"WebSite\",\"@id\":\"https:\\\/\\\/homeofhsp.com\\\/#website\",\"url\":\"https:\\\/\\\/homeofhsp.com\\\/\",\"name\":\"Home of HSP\",\"description\":\"Tipps &amp; Ratgeber f\u00fcr HSP \u2013 Dein Guide f\u00fcr ein erf\u00fclltes Leben als hochsensibler Mensch.\",\"publisher\":{\"@id\":\"https:\\\/\\\/homeofhsp.com\\\/#\\\/schema\\\/person\\\/81e0640d9958a4a1fed93ff710f58892\"},\"potentialAction\":[{\"@type\":\"SearchAction\",\"target\":{\"@type\":\"EntryPoint\",\"urlTemplate\":\"https:\\\/\\\/homeofhsp.com\\\/?s={search_term_string}\"},\"query-input\":{\"@type\":\"PropertyValueSpecification\",\"valueRequired\":true,\"valueName\":\"search_term_string\"}}],\"inLanguage\":\"en-US\"},{\"@type\":[\"Person\",\"Organization\"],\"@id\":\"https:\\\/\\\/homeofhsp.com\\\/#\\\/schema\\\/person\\\/81e0640d9958a4a1fed93ff710f58892\",\"name\":\"Fabian Koller\",\"image\":{\"@type\":\"ImageObject\",\"inLanguage\":\"en-US\",\"@id\":\"https:\\\/\\\/homeofhsp.com\\\/wp-content\\\/uploads\\\/2025\\\/04\\\/cropped-Logo-HOHSP-1.png\",\"url\":\"https:\\\/\\\/homeofhsp.com\\\/wp-content\\\/uploads\\\/2025\\\/04\\\/cropped-Logo-HOHSP-1.png\",\"contentUrl\":\"https:\\\/\\\/homeofhsp.com\\\/wp-content\\\/uploads\\\/2025\\\/04\\\/cropped-Logo-HOHSP-1.png\",\"width\":512,\"height\":512,\"caption\":\"Fabian Koller\"},\"logo\":{\"@id\":\"https:\\\/\\\/homeofhsp.com\\\/wp-content\\\/uploads\\\/2025\\\/04\\\/cropped-Logo-HOHSP-1.png\"},\"description\":\"Founder &amp; Autor\",\"sameAs\":[\"http:\\\/\\\/www.homeofhsp.com\"]}]}<\/script>\n<!-- \/ Yoast SEO plugin. -->","yoast_head_json":{"title":"Impressum - Home of HSP","robots":{"index":"noindex","follow":"follow"},"og_locale":"en_US","og_type":"article","og_title":"Impressum - Home of HSP","og_description":"Impressum Informationen und Offenlegung gem\u00e4\u00df \u00a75 (1) ECG, \u00a7 25 MedienG, \u00a7 63 GewO und \u00a7 14 UGB Webseitenbetreiber:\u00a0Fabian Koller Kontaktdaten: Email: hello@homeofhsp.comFax: &#8211; Anwendbare Rechtsvorschrift:\u00a0www.ris.bka.gv.at Online Streitbeilegung:\u00a0Verbraucher, welche in \u00d6sterreich oder in einem sonstigen Vertragsstaat der ODR-VO niedergelassen sind, haben die M\u00f6glichkeit Probleme bez\u00fcglich dem entgeltlichen Kauf von Waren oder Dienstleistungen im Rahmen einer [&hellip;]","og_url":"https:\/\/homeofhsp.com\/en\/impressum\/","og_site_name":"Home of HSP","article_modified_time":"2025-09-10T13:28:49+00:00","twitter_card":"summary_large_image","twitter_misc":{"Est. reading time":"2 minutes"},"schema":{"@context":"https:\/\/schema.org","@graph":[{"@type":"WebPage","@id":"https:\/\/homeofhsp.com\/impressum\/","url":"https:\/\/homeofhsp.com\/impressum\/","name":"Impressum - Home of HSP","isPartOf":{"@id":"https:\/\/homeofhsp.com\/#website"},"datePublished":"2025-04-05T12:03:08+00:00","dateModified":"2025-09-10T13:28:49+00:00","breadcrumb":{"@id":"https:\/\/homeofhsp.com\/impressum\/#breadcrumb"},"inLanguage":"en-US","potentialAction":[{"@type":"ReadAction","target":["https:\/\/homeofhsp.com\/impressum\/"]}]},{"@type":"BreadcrumbList","@id":"https:\/\/homeofhsp.com\/impressum\/#breadcrumb","itemListElement":[{"@type":"ListItem","position":1,"name":"Startseite","item":"https:\/\/homeofhsp.com\/"},{"@type":"ListItem","position":2,"name":"Impressum"}]},{"@type":"WebSite","@id":"https:\/\/homeofhsp.com\/#website","url":"https:\/\/homeofhsp.com\/","name":"Home of HSP","description":"Tipps &amp; Ratgeber f\u00fcr HSP \u2013 Dein Guide f\u00fcr ein erf\u00fclltes Leben als hochsensibler Mensch.","publisher":{"@id":"https:\/\/homeofhsp.com\/#\/schema\/person\/81e0640d9958a4a1fed93ff710f58892"},"potentialAction":[{"@type":"SearchAction","target":{"@type":"EntryPoint","urlTemplate":"https:\/\/homeofhsp.com\/?s={search_term_string}"},"query-input":{"@type":"PropertyValueSpecification","valueRequired":true,"valueName":"search_term_string"}}],"inLanguage":"en-US"},{"@type":["Person","Organization"],"@id":"https:\/\/homeofhsp.com\/#\/schema\/person\/81e0640d9958a4a1fed93ff710f58892","name":"Fabian Koller","image":{"@type":"ImageObject","inLanguage":"en-US","@id":"https:\/\/homeofhsp.com\/wp-content\/uploads\/2025\/04\/cropped-Logo-HOHSP-1.png","url":"https:\/\/homeofhsp.com\/wp-content\/uploads\/2025\/04\/cropped-Logo-HOHSP-1.png","contentUrl":"https:\/\/homeofhsp.com\/wp-content\/uploads\/2025\/04\/cropped-Logo-HOHSP-1.png","width":512,"height":512,"caption":"Fabian Koller"},"logo":{"@id":"https:\/\/homeofhsp.com\/wp-content\/uploads\/2025\/04\/cropped-Logo-HOHSP-1.png"},"description":"Founder &amp; Author","sameAs":["http:\/\/www.homeofhsp.com"]}]}},"jetpack_sharing_enabled":true,"rttpg_featured_image_url":null,"rttpg_author":{"display_name":"Fabian Koller","author_link":"https:\/\/homeofhsp.com\/en\/author\/fabian\/"},"rttpg_comment":0,"rttpg_category":null,"rttpg_excerpt":"Impressum Informationen und Offenlegung gem\u00e4\u00df \u00a75 (1) ECG, \u00a7 25 MedienG, \u00a7 63 GewO und \u00a7 14 UGB Webseitenbetreiber:\u00a0Fabian Koller Kontaktdaten: Email: hello@homeofhsp.comFax: &#8211; Anwendbare Rechtsvorschrift:\u00a0www.ris.bka.gv.at Online Streitbeilegung:\u00a0Verbraucher, welche in \u00d6sterreich oder in einem sonstigen Vertragsstaat der ODR-VO niedergelassen sind, haben die M\u00f6glichkeit Probleme bez\u00fcglich dem entgeltlichen Kauf von Waren oder Dienstleistungen im Rahmen einer&hellip;","_links":{"self":[{"href":"https:\/\/homeofhsp.com\/en\/wp-json\/wp\/v2\/pages\/63","targetHints":{"allow":["GET"]}}],"collection":[{"href":"https:\/\/homeofhsp.com\/en\/wp-json\/wp\/v2\/pages"}],"about":[{"href":"https:\/\/homeofhsp.com\/en\/wp-json\/wp\/v2\/types\/page"}],"author":[{"embeddable":true,"href":"https:\/\/homeofhsp.com\/en\/wp-json\/wp\/v2\/users\/2"}],"replies":[{"embeddable":true,"href":"https:\/\/homeofhsp.com\/en\/wp-json\/wp\/v2\/comments?post=63"}],"version-history":[{"count":10,"href":"https:\/\/homeofhsp.com\/en\/wp-json\/wp\/v2\/pages\/63\/revisions"}],"predecessor-version":[{"id":1871,"href":"https:\/\/homeofhsp.com\/en\/wp-json\/wp\/v2\/pages\/63\/revisions\/1871"}],"wp:attachment":[{"href":"https:\/\/homeofhsp.com\/en\/wp-json\/wp\/v2\/media?parent=63"}],"curies":[{"name":"wp","href":"https:\/\/api.w.org\/{rel}","templated":true}]}}